{"id":989,"date":"2025-08-12T10:23:30","date_gmt":"2025-08-12T08:23:30","guid":{"rendered":"https:\/\/www.lamaisondesvignes58.com\/?page_id=989"},"modified":"2025-08-12T11:02:13","modified_gmt":"2025-08-12T09:02:13","slug":"privacy-policy","status":"publish","type":"page","link":"https:\/\/www.lamaisondesvignes58.com\/fr\/privacy-policy\/","title":{"rendered":"Politique de Confidentialit\u00e9"},"content":{"rendered":"<div class=\"et_pb_section_0 et_pb_section et_section_regular et_block_section preset--module--divi-section--default\">\n<div class=\"et_pb_row_0 et_pb_row et_pb_gutters3 et_block_row preset--module--divi-row--default\">\n<div class=\"et_pb_column_0 et_pb_column et_pb_column_4_4 et-last-child et_block_column et_pb_css_mix_blend_mode_passthrough\">\n<div class=\"et_pb_text_0 et_pb_text et_pb_bg_layout_light et_animated et_pb_module et_flex_module\"><div class=\"et_pb_text_inner\"><h1>Politique de Confidentialit\u00e9<\/h1>\n<\/div><\/div>\n<\/div>\n<\/div>\n<\/div>\n\n<div class=\"et_pb_section_1 et_pb_section et_section_regular et_block_section preset--module--divi-section--default\">\n<div class=\"et_pb_row_1 et_pb_row et_pb_gutters3 et_block_row preset--module--divi-row--default\">\n<div class=\"et_pb_column_1 et_pb_column et-last-child et_flex_column et_pb_css_mix_blend_mode_passthrough et_flex_column_24_24 et_flex_column_24_24_tablet et_flex_column_24_24_phone et_flex_column_24_24_tabletWide\">\n<div class=\"et_pb_text_1 et_pb_text et_pb_bg_layout_light et_pb_module et_flex_module\"><div class=\"et_pb_text_inner\"><p data-start=\"179\" data-end=\"211\"><strong data-start=\"179\" data-end=\"211\">Derni\u00e8re mise \u00e0 jour : 12 ao\u00fbt 2025<\/strong><\/p>\n<p data-start=\"213\" data-end=\"437\">Chez <strong data-start=\"216\" data-end=\"240\">La Maison des Vignes<\/strong>, nous accordons une grande importance \u00e0 la protection de vos donn\u00e9es personnelles. Cette politique a pour but de vous expliquer, de fa\u00e7on simple et transparente, quelles informations nous collectons, pourquoi nous le faisons, et comment elles sont utilis\u00e9es.<\/p>\n<hr data-start=\"439\" data-end=\"442\" \/>\n<h3 data-start=\"444\" data-end=\"466\">1. Responsable du traitement<\/h3>\n<p data-start=\"467\" data-end=\"583\">La responsable du traitement des donn\u00e9es est :<br data-start=\"525\" data-end=\"528\" \/><strong data-start=\"528\" data-end=\"545\">Hilary Atkins<\/strong><br data-start=\"545\" data-end=\"548\" \/>E-mail : <a href=\"mailto:contact@lamaisondesvignes58.com\" target=\"_blank\" rel=\"noopener\" title=\"contact@lamaisondesvignes58.com\"><span>contact@<\/span><\/a><span><a href=\"mailto:contact@lamaisondesvignes58.com\" target=\"_blank\" rel=\"noopener\" title=\"contact@lamaisondesvignes58.com\">lamaisondesvignes58.com<\/a>\u00a0<\/span><\/p>\n<hr data-start=\"585\" data-end=\"588\" \/>\n<h3 data-start=\"590\" data-end=\"612\">2. Donn\u00e9es que nous collectons<\/h3>\n<p data-start=\"613\" data-end=\"682\">Lorsque vous utilisez notre site, nous pouvons collecter les informations suivantes :<\/p>\n<ul data-start=\"683\" data-end=\"881\">\n<li data-start=\"683\" data-end=\"782\">\n<p data-start=\"685\" data-end=\"782\"><strong data-start=\"685\" data-end=\"701\">Formulaire de contact<\/strong>: nom, adresse e-mail, message, et toute information que vous choisissez de nous transmettre.<\/p>\n<\/li>\n<li data-start=\"783\" data-end=\"881\">\n<p data-start=\"785\" data-end=\"881\"><strong data-start=\"785\" data-end=\"796\">Cookies<\/strong>: un cookie est utilis\u00e9 pour m\u00e9moriser votre choix de langue (popup de s\u00e9lection de langue).<\/p>\n<\/li>\n<\/ul>\n<p data-start=\"883\" data-end=\"944\">Nous ne collectons pas d\u2019autres donn\u00e9es personnelles \u00e0 votre insu.<\/p>\n<hr data-start=\"946\" data-end=\"949\" \/>\n<h3 data-start=\"951\" data-end=\"984\">3. Finalit\u00e9 de la collecte<\/h3>\n<p data-start=\"985\" data-end=\"1019\">Nous utilisons vos donn\u00e9es uniquement pour :<\/p>\n<ul data-start=\"1020\" data-end=\"1144\">\n<li data-start=\"1020\" data-end=\"1071\">\n<p data-start=\"1022\" data-end=\"1071\">R\u00e9pondre \u00e0 vos demandes envoy\u00e9es via le formulaire de contact.<\/p>\n<\/li>\n<li data-start=\"1072\" data-end=\"1144\">\n<p data-start=\"1074\" data-end=\"1144\">M\u00e9moriser vos pr\u00e9f\u00e9rences linguistiques afin de vous offrir une navigation plus agr\u00e9able.<\/p>\n<\/li>\n<\/ul>\n<hr data-start=\"1146\" data-end=\"1149\" \/>\n<h3 data-start=\"1151\" data-end=\"1184\">4. Base l\u00e9gale du traitement<\/h3>\n<p data-start=\"1185\" data-end=\"1208\">Nous traitons vos donn\u00e9es :<\/p>\n<ul data-start=\"1209\" data-end=\"1397\">\n<li data-start=\"1209\" data-end=\"1286\">\n<p data-start=\"1211\" data-end=\"1286\"><strong data-start=\"1211\" data-end=\"1232\">Sur la base de votre consentement<\/strong>lorsque vous nous contactez volontairement ou acceptez les cookies.<\/p>\n<\/li>\n<li data-start=\"1287\" data-end=\"1397\">\n<p data-start=\"1289\" data-end=\"1397\"><strong data-start=\"1289\" data-end=\"1320\">Dans notre int\u00e9r\u00eat l\u00e9gitime<\/strong>pour assurer le bon fonctionnement du site et r\u00e9pondre \u00e0 vos demandes.<\/p>\n<\/li>\n<\/ul>\n<hr data-start=\"1399\" data-end=\"1402\" \/>\n<h3 data-start=\"1404\" data-end=\"1425\">5. Dur\u00e9e de conservation<\/h3>\n<ul data-start=\"1426\" data-end=\"1621\">\n<li data-start=\"1426\" data-end=\"1558\">\n<p data-start=\"1428\" data-end=\"1558\">Les messages envoy\u00e9s via le formulaire de contact sont conserv\u00e9s le temps n\u00e9cessaire pour traiter votre demande puis supprim\u00e9s au bout de <strong data-start=\"1542\" data-end=\"1555\">12 mois maximum.<\/strong>.<\/p>\n<\/li>\n<li data-start=\"1559\" data-end=\"1621\">\n<p data-start=\"1561\" data-end=\"1621\">Les cookies de choix de langue sont conserv\u00e9s <strong data-start=\"1606\" data-end=\"1618\">6 mois<\/strong>.<\/p>\n<\/li>\n<\/ul>\n<hr data-start=\"1623\" data-end=\"1626\" \/>\n<h3 data-start=\"1628\" data-end=\"1650\">6. Partage des donn\u00e9es<\/h3>\n<p data-start=\"1651\" data-end=\"1826\">Vos donn\u00e9es ne seront <strong data-start=\"1666\" data-end=\"1683\">jamais vendues<\/strong> ni communiqu\u00e9es \u00e0 des tiers, sauf obligation l\u00e9gale.<br data-start=\"1743\" data-end=\"1746\" \/>Nous n\u2019utilisons aucun service d\u2019analyse type Google Analytics sur ce site.<\/p>\n<hr data-start=\"1828\" data-end=\"1831\" \/>\n<h3 data-start=\"1833\" data-end=\"1851\">7. Vos droits<\/h3>\n<p data-start=\"1852\" data-end=\"1892\">Conform\u00e9ment au RGPD, vous disposez des droits suivants :<\/p>\n<ul data-start=\"1893\" data-end=\"1994\">\n<li data-start=\"1893\" data-end=\"1913\">\n<p data-start=\"1895\" data-end=\"1913\">Droit d\u2019acc\u00e8s \u00e0 vos donn\u00e9es<\/p>\n<\/li>\n<li data-start=\"1914\" data-end=\"1935\">\n<p data-start=\"1916\" data-end=\"1935\">Droit de rectification<\/p>\n<\/li>\n<li data-start=\"1936\" data-end=\"1956\">\n<p data-start=\"1938\" data-end=\"1956\">Droit de suppression<\/p>\n<\/li>\n<li data-start=\"1957\" data-end=\"1994\">\n<p data-start=\"1959\" data-end=\"1994\">Droit de retirer votre consentement \u00e0 tout moment<\/p>\n<\/li>\n<\/ul>\n<p data-start=\"1996\" data-end=\"2084\">Pour exercer vos droits, vous pouvez contacter <strong data-start=\"2036\" data-end=\"2053\">Hilary Atkins<\/strong> \u00e0 <a href=\"mailto:contact@lamaisondesvignes58.com\" target=\"_blank\" rel=\"noopener\" title=\"contact@lamaisondesvignes58.com\"><span>contact@<\/span><\/a><span><a href=\"mailto:contact@lamaisondesvignes58.com\" target=\"_blank\" rel=\"noopener\" title=\"contact@lamaisondesvignes58.com\">lamaisondesvignes58.com<\/a><\/span><\/p>\n<hr data-start=\"2086\" data-end=\"2089\" \/>\n<h3 data-start=\"2091\" data-end=\"2111\">8. S\u00e9curit\u00e9 des donn\u00e9es<\/h3>\n<p data-start=\"2112\" data-end=\"2222\">Nous mettons tout en \u0153uvre pour prot\u00e9ger vos donn\u00e9es personnelles contre l\u2019acc\u00e8s non autoris\u00e9, la perte, ou la modification.<\/p>\n<hr data-start=\"2224\" data-end=\"2227\" \/>\n<h3 data-start=\"2229\" data-end=\"2243\">9. Cookies<\/h3>\n<p data-start=\"2244\" data-end=\"2488\">Un cookie est un petit fichier enregistr\u00e9 sur votre appareil lorsque vous naviguez sur notre site.<br data-start=\"2315\" data-end=\"2318\" \/>Nous utilisons uniquement un cookie fonctionnel pour m\u00e9moriser votre <strong data-start=\"2369\" data-end=\"2388\">choix de langue.<\/strong>.<br data-start=\"2389\" data-end=\"2392\" \/>Ce cookie ne contient aucune donn\u00e9e personnelle et ne sert pas \u00e0 suivre votre activit\u00e9 sur Internet.<\/p>\n<hr data-start=\"2490\" data-end=\"2493\" \/>\n<h3 data-start=\"2495\" data-end=\"2525\">10. Modification de cette politique<\/h3>\n<p data-start=\"2526\" data-end=\"2698\">Nous pouvons mettre \u00e0 jour cette politique \u00e0 tout moment pour refl\u00e9ter des changements dans nos pratiques ou pour nous conformer \u00e0 la l\u00e9gislation.<br data-start=\"2632\" data-end=\"2635\" \/>La date de derni\u00e8re mise \u00e0 jour est indiqu\u00e9e en haut de cette page.<\/p>\n<hr data-start=\"2700\" data-end=\"2703\" \/>\n<p data-start=\"2705\" data-end=\"2839\"><strong data-start=\"2705\" data-end=\"2717\">Contact :<\/strong><br data-start=\"2717\" data-end=\"2720\" \/>Hilary Atkins \u2013 <a href=\"mailto:contact@lamaisondesvignes58.com\" target=\"_blank\" rel=\"noopener\" title=\"contact@lamaisondesvignes58.com\"><span>contact@<\/span><\/a><span><a href=\"mailto:contact@lamaisondesvignes58.com\" target=\"_blank\" rel=\"noopener\" title=\"contact@lamaisondesvignes58.com\">lamaisondesvignes58.com<\/a><\/span><br data-start=\"2762\" data-end=\"2765\" \/>Site : <a data-start=\"2774\" data-end=\"2839\" rel=\"noopener\" target=\"_new\" class=\"\" href=\"http:\/\/www.lamaisondesvignes58.com\/fr\/\">www.lamaisondesvignes58.com<\/a><\/p>\n<\/div><\/div>\n<\/div>\n<\/div>\n<\/div>","protected":false},"excerpt":{"rendered":"","protected":false},"author":1,"featured_media":0,"parent":0,"menu_order":0,"comment_status":"closed","ping_status":"closed","template":"","meta":{"footnotes":""},"class_list":["post-989","page","type-page","status-publish","hentry"],"yoast_head":"<!-- This site is optimized with the Yoast SEO plugin v27.3 - https:\/\/yoast.com\/product\/yoast-seo-wordpress\/ -->\n<title>Privacy Policy - La Maison des Vignes<\/title>\n<meta name=\"robots\" content=\"index, follow, max-snippet:-1, max-image-preview:large, max-video-preview:-1\" \/>\n<link rel=\"canonical\" href=\"https:\/\/www.lamaisondesvignes58.com\/fr\/privacy-policy\/\" \/>\n<meta property=\"og:locale\" content=\"fr_FR\" \/>\n<meta property=\"og:type\" content=\"article\" \/>\n<meta property=\"og:title\" content=\"Privacy Policy - La Maison des Vignes\" \/>\n<meta property=\"og:url\" content=\"https:\/\/www.lamaisondesvignes58.com\/fr\/privacy-policy\/\" \/>\n<meta property=\"og:site_name\" content=\"La Maison des Vignes\" \/>\n<meta property=\"article:modified_time\" content=\"2025-08-12T09:02:13+00:00\" \/>\n<meta name=\"twitter:card\" content=\"summary_large_image\" \/>\n<script type=\"application\/ld+json\" class=\"yoast-schema-graph\">{\"@context\":\"https:\\\/\\\/schema.org\",\"@graph\":[{\"@type\":\"WebPage\",\"@id\":\"https:\\\/\\\/www.lamaisondesvignes58.com\\\/privacy-policy\\\/\",\"url\":\"https:\\\/\\\/www.lamaisondesvignes58.com\\\/privacy-policy\\\/\",\"name\":\"Privacy Policy - La Maison des Vignes\",\"isPartOf\":{\"@id\":\"https:\\\/\\\/www.lamaisondesvignes58.com\\\/#website\"},\"datePublished\":\"2025-08-12T08:23:30+00:00\",\"dateModified\":\"2025-08-12T09:02:13+00:00\",\"breadcrumb\":{\"@id\":\"https:\\\/\\\/www.lamaisondesvignes58.com\\\/privacy-policy\\\/#breadcrumb\"},\"inLanguage\":\"fr-FR\",\"potentialAction\":[{\"@type\":\"ReadAction\",\"target\":[\"https:\\\/\\\/www.lamaisondesvignes58.com\\\/privacy-policy\\\/\"]}]},{\"@type\":\"BreadcrumbList\",\"@id\":\"https:\\\/\\\/www.lamaisondesvignes58.com\\\/privacy-policy\\\/#breadcrumb\",\"itemListElement\":[{\"@type\":\"ListItem\",\"position\":1,\"name\":\"Home\",\"item\":\"https:\\\/\\\/www.lamaisondesvignes58.com\\\/\"},{\"@type\":\"ListItem\",\"position\":2,\"name\":\"Privacy Policy\"}]},{\"@type\":\"WebSite\",\"@id\":\"https:\\\/\\\/www.lamaisondesvignes58.com\\\/#website\",\"url\":\"https:\\\/\\\/www.lamaisondesvignes58.com\\\/\",\"name\":\"La Maison des Vignes\",\"description\":\"Guest House in Bourgogne | Peaceful Vineyard Stay\",\"publisher\":{\"@id\":\"https:\\\/\\\/www.lamaisondesvignes58.com\\\/#\\\/schema\\\/person\\\/76e08c8cf7a5c612c6b3125064019f9c\"},\"potentialAction\":[{\"@type\":\"SearchAction\",\"target\":{\"@type\":\"EntryPoint\",\"urlTemplate\":\"https:\\\/\\\/www.lamaisondesvignes58.com\\\/?s={search_term_string}\"},\"query-input\":{\"@type\":\"PropertyValueSpecification\",\"valueRequired\":true,\"valueName\":\"search_term_string\"}}],\"inLanguage\":\"fr-FR\"},{\"@type\":[\"Person\",\"Organization\"],\"@id\":\"https:\\\/\\\/www.lamaisondesvignes58.com\\\/#\\\/schema\\\/person\\\/76e08c8cf7a5c612c6b3125064019f9c\",\"name\":\"Hilary Atkins\",\"image\":{\"@type\":\"ImageObject\",\"inLanguage\":\"fr-FR\",\"@id\":\"https:\\\/\\\/www.lamaisondesvignes58.com\\\/wp-content\\\/uploads\\\/2025\\\/08\\\/lamaisondesvignes-scaled-2.png\",\"url\":\"https:\\\/\\\/www.lamaisondesvignes58.com\\\/wp-content\\\/uploads\\\/2025\\\/08\\\/lamaisondesvignes-scaled-2.png\",\"contentUrl\":\"https:\\\/\\\/www.lamaisondesvignes58.com\\\/wp-content\\\/uploads\\\/2025\\\/08\\\/lamaisondesvignes-scaled-2.png\",\"width\":2560,\"height\":1810,\"caption\":\"Hilary Atkins\"},\"logo\":{\"@id\":\"https:\\\/\\\/www.lamaisondesvignes58.com\\\/wp-content\\\/uploads\\\/2025\\\/08\\\/lamaisondesvignes-scaled-2.png\"}}]}<\/script>\n<!-- \/ Yoast SEO plugin. -->","yoast_head_json":{"title":"Privacy Policy - La Maison des Vignes","robots":{"index":"index","follow":"follow","max-snippet":"max-snippet:-1","max-image-preview":"max-image-preview:large","max-video-preview":"max-video-preview:-1"},"canonical":"https:\/\/www.lamaisondesvignes58.com\/fr\/privacy-policy\/","og_locale":"fr_FR","og_type":"article","og_title":"Privacy Policy - La Maison des Vignes","og_url":"https:\/\/www.lamaisondesvignes58.com\/fr\/privacy-policy\/","og_site_name":"La Maison des Vignes","article_modified_time":"2025-08-12T09:02:13+00:00","twitter_card":"summary_large_image","schema":{"@context":"https:\/\/schema.org","@graph":[{"@type":"WebPage","@id":"https:\/\/www.lamaisondesvignes58.com\/privacy-policy\/","url":"https:\/\/www.lamaisondesvignes58.com\/privacy-policy\/","name":"Privacy Policy - La Maison des Vignes","isPartOf":{"@id":"https:\/\/www.lamaisondesvignes58.com\/#website"},"datePublished":"2025-08-12T08:23:30+00:00","dateModified":"2025-08-12T09:02:13+00:00","breadcrumb":{"@id":"https:\/\/www.lamaisondesvignes58.com\/privacy-policy\/#breadcrumb"},"inLanguage":"fr-FR","potentialAction":[{"@type":"ReadAction","target":["https:\/\/www.lamaisondesvignes58.com\/privacy-policy\/"]}]},{"@type":"BreadcrumbList","@id":"https:\/\/www.lamaisondesvignes58.com\/privacy-policy\/#breadcrumb","itemListElement":[{"@type":"ListItem","position":1,"name":"Home","item":"https:\/\/www.lamaisondesvignes58.com\/"},{"@type":"ListItem","position":2,"name":"Privacy Policy"}]},{"@type":"WebSite","@id":"https:\/\/www.lamaisondesvignes58.com\/#website","url":"https:\/\/www.lamaisondesvignes58.com\/","name":"La Maison des Vignes","description":"Guest House in Bourgogne | Peaceful Vineyard Stay","publisher":{"@id":"https:\/\/www.lamaisondesvignes58.com\/#\/schema\/person\/76e08c8cf7a5c612c6b3125064019f9c"},"potentialAction":[{"@type":"SearchAction","target":{"@type":"EntryPoint","urlTemplate":"https:\/\/www.lamaisondesvignes58.com\/?s={search_term_string}"},"query-input":{"@type":"PropertyValueSpecification","valueRequired":true,"valueName":"search_term_string"}}],"inLanguage":"fr-FR"},{"@type":["Person","Organization"],"@id":"https:\/\/www.lamaisondesvignes58.com\/#\/schema\/person\/76e08c8cf7a5c612c6b3125064019f9c","name":"Hilary Atkins","image":{"@type":"ImageObject","inLanguage":"fr-FR","@id":"https:\/\/www.lamaisondesvignes58.com\/wp-content\/uploads\/2025\/08\/lamaisondesvignes-scaled-2.png","url":"https:\/\/www.lamaisondesvignes58.com\/wp-content\/uploads\/2025\/08\/lamaisondesvignes-scaled-2.png","contentUrl":"https:\/\/www.lamaisondesvignes58.com\/wp-content\/uploads\/2025\/08\/lamaisondesvignes-scaled-2.png","width":2560,"height":1810,"caption":"Hilary Atkins"},"logo":{"@id":"https:\/\/www.lamaisondesvignes58.com\/wp-content\/uploads\/2025\/08\/lamaisondesvignes-scaled-2.png"}}]}},"_links":{"self":[{"href":"https:\/\/www.lamaisondesvignes58.com\/fr\/wp-json\/wp\/v2\/pages\/989","targetHints":{"allow":["GET"]}}],"collection":[{"href":"https:\/\/www.lamaisondesvignes58.com\/fr\/wp-json\/wp\/v2\/pages"}],"about":[{"href":"https:\/\/www.lamaisondesvignes58.com\/fr\/wp-json\/wp\/v2\/types\/page"}],"author":[{"embeddable":true,"href":"https:\/\/www.lamaisondesvignes58.com\/fr\/wp-json\/wp\/v2\/users\/1"}],"replies":[{"embeddable":true,"href":"https:\/\/www.lamaisondesvignes58.com\/fr\/wp-json\/wp\/v2\/comments?post=989"}],"version-history":[{"count":4,"href":"https:\/\/www.lamaisondesvignes58.com\/fr\/wp-json\/wp\/v2\/pages\/989\/revisions"}],"predecessor-version":[{"id":1000,"href":"https:\/\/www.lamaisondesvignes58.com\/fr\/wp-json\/wp\/v2\/pages\/989\/revisions\/1000"}],"wp:attachment":[{"href":"https:\/\/www.lamaisondesvignes58.com\/fr\/wp-json\/wp\/v2\/media?parent=989"}],"curies":[{"name":"wp","href":"https:\/\/api.w.org\/{rel}","templated":true}]}}